{"id":469,"date":"2021-10-01T23:22:31","date_gmt":"2021-10-01T23:22:31","guid":{"rendered":"https:\/\/ftfinos.vipreal.site\/?page_id=469"},"modified":"2021-10-04T11:35:21","modified_gmt":"2021-10-04T11:35:21","slug":"villa-one-tequila","status":"publish","type":"page","link":"https:\/\/ambertequila.com\/es\/marcas\/villa-one-tequila\/","title":{"rendered":"Villa One Tequila"},"content":{"rendered":"<p>[vc_row][vc_column el_class=&#8221;product-page-text&#8221;][vc_column_text]Villa One\u2122 est\u00e1 hecho con t\u00e9cnicas tradicionales e ingredientes naturales, el agave es cocinado lentamente,\u00a0 despu\u00e9s se utiliza una destilaci\u00f3n doble en alambiques de cobre utilizando agua de nuestro propio pozo.[\/vc_column_text][\/vc_column][\/vc_row][vc_row gap=&#8221;30&#8243; css=&#8221;.vc_custom_1633190243315{padding-bottom: 20px !important;}&#8221; el_class=&#8221;block-product&#8221;][vc_column width=&#8221;1\/2&#8243;][vc_row_inner][vc_column_inner width=&#8221;1\/3&#8243;][vc_single_image image=&#8221;148&#8243; img_size=&#8221;full&#8221;][\/vc_column_inner][vc_column_inner width=&#8221;2\/3&#8243;][vc_column_text]<\/p>\n<h3 class=\"h3 item-type-product__title\">Silver<\/h3>\n<div class=\"item-type-product__offset\">\n<p>Villa One Silver es un l\u00edquido claro con tintes platinados que es embotellado inmediatamente en producci\u00f3n resultando en notas de agave cocido y aromas frutales. Posee un bouquet continuo de frutos secos y nueces que se desarrolla en una larga y suave permanencia.<\/p>\n<\/div>\n<div class=\"item-type-product__offset\"><b>Notas de sabor<\/b><br \/>\nAroma: Frutal<br \/>\nGusto: Frutos secos y nueces<br \/>\nTerminar: Suave<\/div>\n<p>[\/vc_column_text][\/vc_column_inner][\/vc_row_inner][\/vc_column][vc_column width=&#8221;1\/2&#8243;][vc_row_inner][vc_column_inner width=&#8221;1\/3&#8243;][vc_single_image image=&#8221;147&#8243; img_size=&#8221;full&#8221;][\/vc_column_inner][vc_column_inner width=&#8221;2\/3&#8243;][vc_column_text]<\/p>\n<h3 class=\"h3 item-type-product__title\">Reposado<\/h3>\n<div class=\"item-type-product__offset\">\n<p>Villa One Reposado es un l\u00edquido ligeramente dorado reposado en barricas de roble americano por 6 meses. El resultado es una mezcla compleja de aromas bronce a caramelo y dulce, con sabor a caramelo dulce de az\u00facar y mantequilla, chocolate y ahumado terminando suavemente a caf\u00e9, caramelo y especias ligeras.<\/p>\n<\/div>\n<div class=\"item-type-product__offset\"><b>Notas de sabor<\/b><br \/>\nColor: Bronce<br \/>\nAroma: Caramelo y dulce<br \/>\nGusto: Caramelo de az\u00facar y mantequilla, chocolate, sabores ahumados<br \/>\nTerminar: Caf\u00e9, caramelo y especias ligeras<\/div>\n<p>[\/vc_column_text][\/vc_column_inner][\/vc_row_inner][\/vc_column][\/vc_row][vc_row gap=&#8221;30&#8243; css=&#8221;.vc_custom_1633190259853{padding-bottom: 20px !important;}&#8221; el_class=&#8221;block-product&#8221;][vc_column width=&#8221;1\/2&#8243;][vc_row_inner][vc_column_inner width=&#8221;1\/3&#8243;][vc_single_image image=&#8221;146&#8243; img_size=&#8221;full&#8221;][\/vc_column_inner][vc_column_inner width=&#8221;2\/3&#8243;][vc_column_text]<\/p>\n<h3 class=\"h3 item-type-product__title\">Anejo<\/h3>\n<div class=\"item-type-product__offset\">\n<p>Villa One A\u00f1ejo es madurado por m\u00e1s de 12 meses en barricas de roble americano, resultando en un color \u00e1mbar oscuro con notas de caramelo, madera, oblea de vainilla, esencia de pl\u00e1tano al olfato. Tiene un gusto de cuerpo completo brindando una permanencia larga e intensa con notas ahumadas, chocolate amargo y miel.<\/p>\n<\/div>\n<div class=\"item-type-product__offset\"><b>Notas de sabor<\/b><br \/>\nColor: \u00c1mbar oscuro<br \/>\nAroma: Caramelo, madera, oblea de vainilla y esencia de pl\u00e1tano al olfato<br \/>\nTerminar: Notas ahumadas, chocolate amargo y miel<\/div>\n<p>[\/vc_column_text][\/vc_column_inner][\/vc_row_inner][\/vc_column][\/vc_row]<\/p>\n","protected":false},"excerpt":{"rendered":"<p>[vc_row][vc_column el_class=&#8221;product-page-text&#8221;][vc_column_text]Villa One\u2122 est\u00e1 hecho con t\u00e9cnicas tradicionales e ingredientes naturales, el agave es cocinado lentamente,\u00a0 despu\u00e9s se utiliza una destilaci\u00f3n doble en alambiques de cobre utilizando agua de nuestro propio pozo.[\/vc_column_text][\/vc_column][\/vc_row][vc_row gap=&#8221;30&#8243; css=&#8221;.vc_custom_1633190243315{padding-bottom: 20px !important;}&#8221; el_class=&#8221;block-product&#8221;][vc_column width=&#8221;1\/2&#8243;][vc_row_inner][vc_column_inner width=&#8221;1\/3&#8243;][vc_single_image image=&#8221;148&#8243; img_size=&#8221;full&#8221;][\/vc_column_inner][vc_column_inner width=&#8221;2\/3&#8243;][vc_column_text] Silver Villa One Silver es un l\u00edquido claro con tintes platinados que es [&hellip;]<\/p>\n","protected":false},"author":2,"featured_media":366,"parent":390,"menu_order":0,"comment_status":"closed","ping_status":"closed","template":"","meta":{"_acf_changed":false,"inline_featured_image":false,"footnotes":""},"acf":[],"_links":{"self":[{"href":"https:\/\/ambertequila.com\/es\/wp-json\/wp\/v2\/pages\/469"}],"collection":[{"href":"https:\/\/ambertequila.com\/es\/wp-json\/wp\/v2\/pages"}],"about":[{"href":"https:\/\/ambertequila.com\/es\/wp-json\/wp\/v2\/types\/page"}],"author":[{"embeddable":true,"href":"https:\/\/ambertequila.com\/es\/wp-json\/wp\/v2\/users\/2"}],"replies":[{"embeddable":true,"href":"https:\/\/ambertequila.com\/es\/wp-json\/wp\/v2\/comments?post=469"}],"version-history":[{"count":4,"href":"https:\/\/ambertequila.com\/es\/wp-json\/wp\/v2\/pages\/469\/revisions"}],"predecessor-version":[{"id":592,"href":"https:\/\/ambertequila.com\/es\/wp-json\/wp\/v2\/pages\/469\/revisions\/592"}],"up":[{"embeddable":true,"href":"https:\/\/ambertequila.com\/es\/wp-json\/wp\/v2\/pages\/390"}],"wp:featuredmedia":[{"embeddable":true,"href":"https:\/\/ambertequila.com\/es\/wp-json\/wp\/v2\/media\/366"}],"wp:attachment":[{"href":"https:\/\/ambertequila.com\/es\/wp-json\/wp\/v2\/media?parent=469"}],"curies":[{"name":"wp","href":"https:\/\/api.w.org\/{rel}","templated":true}]}}