{"id":448,"date":"2021-10-01T23:18:10","date_gmt":"2021-10-01T23:18:10","guid":{"rendered":"https:\/\/ftfinos.vipreal.site\/?page_id=448"},"modified":"2021-10-05T06:58:20","modified_gmt":"2021-10-05T06:58:20","slug":"tonala","status":"publish","type":"page","link":"https:\/\/ambertequila.com\/es\/marcas\/tonala\/","title":{"rendered":"Tonala"},"content":{"rendered":"<p>[vc_row][vc_column el_class=&#8221;product-page-text&#8221;][vc_column_text]Tonala Agave 100% est\u00e1 hecho con las mejores plantas de Agave Tequilana Weber seleccionadas. Este tequila fino mejora su sabor suave y delicado despu\u00e9s de envejecer en madera de jerez y barriles de bourbon.[\/vc_column_text][\/vc_column][\/vc_row][vc_row gap=&#8221;30&#8243; css=&#8221;.vc_custom_1633190198502{padding-bottom: 20px !important;}&#8221; el_class=&#8221;block-product&#8221;][vc_column width=&#8221;1\/2&#8243;][vc_row_inner][vc_column_inner width=&#8221;1\/3&#8243;][vc_single_image image=&#8221;142&#8243; img_size=&#8221;full&#8221;][\/vc_column_inner][vc_column_inner width=&#8221;2\/3&#8243;][vc_column_text]<\/p>\n<h3 class=\"h3 item-type-product__title\">Tonala A\u00f1ejo tequila<\/h3>\n<div class=\"item-type-product__offset\">\n<p>100% Agave A\u00f1ejo Suprema Reserva es un tequila muy especial, envejecido por un m\u00ednimo de 1 a\u00f1o en barricas de jerez y roble bourbon ex-bourbon. El tequila es exuberante y complejo con capas de roble, frutas tropicales y especias. Est\u00e1 hecho de plantas de agave seleccionadas a mano, Tequilana Weber, propiedad 100% cultivada en la regi\u00f3n de Jalisco, M\u00e9xico. # 4 es la mezcla especial, creada por el maestro destilador Arturo Fuentes.<\/p>\n<\/div>\n<div class=\"item-type-product__offset\"><b>Notas de sabor<\/b><br \/>\nColor: \u00c1mbar oscuro<br \/>\nAroma: Cuero, chocolate<br \/>\nGusto: Vainilla, agave quemado<br \/>\nTerminar: Longitud larga, agradable<\/div>\n<div class=\"item-type-product__offset\"><b>SKU:<\/b>\u00a00,75L<br \/>\n<b>ABV:<\/b>\u00a040%<\/div>\n<p>[\/vc_column_text][vc_column_text el_class=&#8221;sg-popup-id-662 class-diploma&#8221;]<\/p>\n<div class=\"item-type-product__awards-title\">\n<div class=\"item-type-product__awards-title\"><strong class=\"item-type-product__awards-text\">PREMIOS: <\/strong><a class=\"item-type-product__awards-link\">Diploma<\/a><\/div>\n<\/div>\n<p>[\/vc_column_text][\/vc_column_inner][\/vc_row_inner][\/vc_column][vc_column width=&#8221;1\/2&#8243;][vc_row_inner][vc_column_inner width=&#8221;1\/3&#8243;][vc_single_image image=&#8221;141&#8243; img_size=&#8221;full&#8221;][\/vc_column_inner][vc_column_inner width=&#8221;2\/3&#8243;][vc_column_text]<\/p>\n<h3 class=\"h3 item-type-product__title\">Tonala A\u00f1ejo tequila ceramic edition<\/h3>\n<div class=\"item-type-product__offset\">\n<p>100% Agave Tonal A\u00f1ejo es un tequila muy especial, envejecido por un m\u00ednimo de 1 a\u00f1o en barricas de roble americano ex-bourbon. El hermoso decantador est\u00e1 pintado a mano en la ciudad de Tonal\u00e1. El gres se esmalta por dentro para mantener intacto su rico y maravilloso sabor.<\/p>\n<\/div>\n<div class=\"item-type-product__offset\"><b>Notas de sabor<\/b><br \/>\nColor: \u00c1mbar oscuro<br \/>\nAroma: Cuero, chocolate<br \/>\nGusto: Vainilla, agave quemado<br \/>\nTerminar: Longitud larga, agradable<\/div>\n<div class=\"item-type-product__offset\"><b>SKU:<\/b>\u00a00,75L 0,05L<br \/>\n<b>ABV:<\/b>\u00a040%<\/div>\n<p>[\/vc_column_text][\/vc_column_inner][\/vc_row_inner][\/vc_column][\/vc_row]<\/p>\n","protected":false},"excerpt":{"rendered":"<p>[vc_row][vc_column el_class=&#8221;product-page-text&#8221;][vc_column_text]Tonala Agave 100% est\u00e1 hecho con las mejores plantas de Agave Tequilana Weber seleccionadas. Este tequila fino mejora su sabor suave y delicado despu\u00e9s de envejecer en madera de jerez y barriles de bourbon.[\/vc_column_text][\/vc_column][\/vc_row][vc_row gap=&#8221;30&#8243; css=&#8221;.vc_custom_1633190198502{padding-bottom: 20px !important;}&#8221; el_class=&#8221;block-product&#8221;][vc_column width=&#8221;1\/2&#8243;][vc_row_inner][vc_column_inner width=&#8221;1\/3&#8243;][vc_single_image image=&#8221;142&#8243; img_size=&#8221;full&#8221;][\/vc_column_inner][vc_column_inner width=&#8221;2\/3&#8243;][vc_column_text] Tonala A\u00f1ejo tequila 100% Agave A\u00f1ejo Suprema Reserva es un [&hellip;]<\/p>\n","protected":false},"author":2,"featured_media":451,"parent":390,"menu_order":0,"comment_status":"closed","ping_status":"closed","template":"","meta":{"_acf_changed":false,"inline_featured_image":false,"footnotes":""},"acf":[],"_links":{"self":[{"href":"https:\/\/ambertequila.com\/es\/wp-json\/wp\/v2\/pages\/448"}],"collection":[{"href":"https:\/\/ambertequila.com\/es\/wp-json\/wp\/v2\/pages"}],"about":[{"href":"https:\/\/ambertequila.com\/es\/wp-json\/wp\/v2\/types\/page"}],"author":[{"embeddable":true,"href":"https:\/\/ambertequila.com\/es\/wp-json\/wp\/v2\/users\/2"}],"replies":[{"embeddable":true,"href":"https:\/\/ambertequila.com\/es\/wp-json\/wp\/v2\/comments?post=448"}],"version-history":[{"count":10,"href":"https:\/\/ambertequila.com\/es\/wp-json\/wp\/v2\/pages\/448\/revisions"}],"predecessor-version":[{"id":663,"href":"https:\/\/ambertequila.com\/es\/wp-json\/wp\/v2\/pages\/448\/revisions\/663"}],"up":[{"embeddable":true,"href":"https:\/\/ambertequila.com\/es\/wp-json\/wp\/v2\/pages\/390"}],"wp:featuredmedia":[{"embeddable":true,"href":"https:\/\/ambertequila.com\/es\/wp-json\/wp\/v2\/media\/451"}],"wp:attachment":[{"href":"https:\/\/ambertequila.com\/es\/wp-json\/wp\/v2\/media?parent=448"}],"curies":[{"name":"wp","href":"https:\/\/api.w.org\/{rel}","templated":true}]}}