{"id":447,"date":"2021-10-01T23:15:05","date_gmt":"2021-10-01T23:15:05","guid":{"rendered":"https:\/\/ftfinos.vipreal.site\/?page_id=447"},"modified":"2021-10-05T06:56:03","modified_gmt":"2021-10-05T06:56:03","slug":"tenoch-line","status":"publish","type":"page","link":"https:\/\/ambertequila.com\/es\/marcas\/tenoch-line\/","title":{"rendered":"Tenoch line"},"content":{"rendered":"<p>[vc_row][vc_column el_class=&#8221;product-page-text&#8221;][vc_column_text]<\/p>\n<article class=\"item-text item-anim--active\" data-js-scroll-show=\"\">\n<div class=\"-large-text item-anim-0\">\n<p>Manteniendo la tradici\u00f3n de la antigua capital del imperio azteca Tenochtitlan, el nombre de este tequila rinde homenaje a Tenoch, que fue el jefe de los aztecas y fundador de la ciudad de Tenochtitlan.<\/p>\n<\/div>\n<\/article>\n<p>[\/vc_column_text][\/vc_column][\/vc_row][vc_row gap=&#8221;30&#8243; css=&#8221;.vc_custom_1633190159182{padding-bottom: 20px !important;}&#8221; el_class=&#8221;block-product&#8221;][vc_column width=&#8221;1\/2&#8243;][vc_row_inner][vc_column_inner width=&#8221;1\/3&#8243;][vc_single_image image=&#8221;138&#8243; img_size=&#8221;full&#8221;][\/vc_column_inner][vc_column_inner width=&#8221;2\/3&#8243;][vc_column_text]<\/p>\n<h3 class=\"h3 item-type-product__title\">Tenoch Reposado<\/h3>\n<div class=\"item-type-product__offset\">\n<p class=\"p1\">El Tenoch Reposado 100% Agave se envejece en barriles de bourbon usados. El m\u00e9todo de producci\u00f3n es muy elaborado y, como resultado, posee un sabor suave, y un car\u00e1cter, aroma y cuerpo completos.<\/p>\n<\/div>\n<div class=\"item-type-product__offset\"><b>Notas de sabor<\/b><br \/>\nColor: Color paja claro<br \/>\nAroma: Ligeramente a roble, fruta madura<br \/>\nGusto: Caramelo, agave quemado<br \/>\nTerminar: C\u00e1lido, agradable, medio-largo<\/div>\n<div class=\"item-type-product__offset\"><b>SKU:<\/b>\u00a00,75L<br \/>\n<b>ABV:<\/b>\u00a040%<\/div>\n<p>[\/vc_column_text][vc_column_text el_class=&#8221;sg-popup-id-659 class-diploma&#8221;]<\/p>\n<div class=\"item-type-product__awards-title\"><strong class=\"item-type-product__awards-text\">AWARDS: <\/strong><a class=\"item-type-product__awards-link\">Diploma<\/a><\/div>\n<p>[\/vc_column_text][\/vc_column_inner][\/vc_row_inner][\/vc_column][\/vc_row]<\/p>\n","protected":false},"excerpt":{"rendered":"<p>[vc_row][vc_column el_class=&#8221;product-page-text&#8221;][vc_column_text] Manteniendo la tradici\u00f3n de la antigua capital del imperio azteca Tenochtitlan, el nombre de este tequila rinde homenaje a Tenoch, que fue el jefe de los aztecas y fundador de la ciudad de Tenochtitlan. [\/vc_column_text][\/vc_column][\/vc_row][vc_row gap=&#8221;30&#8243; css=&#8221;.vc_custom_1633190159182{padding-bottom: 20px !important;}&#8221; el_class=&#8221;block-product&#8221;][vc_column width=&#8221;1\/2&#8243;][vc_row_inner][vc_column_inner width=&#8221;1\/3&#8243;][vc_single_image image=&#8221;138&#8243; img_size=&#8221;full&#8221;][\/vc_column_inner][vc_column_inner width=&#8221;2\/3&#8243;][vc_column_text] Tenoch Reposado El Tenoch Reposado 100% Agave se [&hellip;]<\/p>\n","protected":false},"author":2,"featured_media":451,"parent":390,"menu_order":0,"comment_status":"closed","ping_status":"closed","template":"","meta":{"_acf_changed":false,"inline_featured_image":false,"footnotes":""},"acf":[],"_links":{"self":[{"href":"https:\/\/ambertequila.com\/es\/wp-json\/wp\/v2\/pages\/447"}],"collection":[{"href":"https:\/\/ambertequila.com\/es\/wp-json\/wp\/v2\/pages"}],"about":[{"href":"https:\/\/ambertequila.com\/es\/wp-json\/wp\/v2\/types\/page"}],"author":[{"embeddable":true,"href":"https:\/\/ambertequila.com\/es\/wp-json\/wp\/v2\/users\/2"}],"replies":[{"embeddable":true,"href":"https:\/\/ambertequila.com\/es\/wp-json\/wp\/v2\/comments?post=447"}],"version-history":[{"count":4,"href":"https:\/\/ambertequila.com\/es\/wp-json\/wp\/v2\/pages\/447\/revisions"}],"predecessor-version":[{"id":661,"href":"https:\/\/ambertequila.com\/es\/wp-json\/wp\/v2\/pages\/447\/revisions\/661"}],"up":[{"embeddable":true,"href":"https:\/\/ambertequila.com\/es\/wp-json\/wp\/v2\/pages\/390"}],"wp:featuredmedia":[{"embeddable":true,"href":"https:\/\/ambertequila.com\/es\/wp-json\/wp\/v2\/media\/451"}],"wp:attachment":[{"href":"https:\/\/ambertequila.com\/es\/wp-json\/wp\/v2\/media?parent=447"}],"curies":[{"name":"wp","href":"https:\/\/api.w.org\/{rel}","templated":true}]}}