{"id":446,"date":"2021-10-01T23:14:02","date_gmt":"2021-10-01T23:14:02","guid":{"rendered":"https:\/\/ftfinos.vipreal.site\/?page_id=446"},"modified":"2021-10-04T11:34:18","modified_gmt":"2021-10-04T11:34:18","slug":"rooster-rojo-tequila","status":"publish","type":"page","link":"https:\/\/ambertequila.com\/es\/marcas\/rooster-rojo-tequila\/","title":{"rendered":"Rooster Rojo Tequila"},"content":{"rendered":"<p>[vc_row][vc_column el_class=&#8221;product-page-text&#8221;][vc_column_text]Rooster Rojo\u00ae es un tequila extra suave, producido utilizando solo los mejores ingredientes y t\u00e9cnicas de producci\u00f3n, conservando los excelentes sabores naturales del agave de alta calidad. Nacido en los campos de agave de M\u00e9xico, es cuidadosamente elaborado, manteniendo las mejores tradiciones de producci\u00f3n de tequila y utilizando solo jugos de agave 100% para garantizar un sabor y una calidad excepcionales que agradar\u00e1n incluso al mayor conocedor del tequila.<\/p>\n<p>&nbsp;<\/p>\n<p>Ver m\u00e1s en\u00a0<a href=\"https:\/\/www.facebook.com\/Rooster.Rojo\" target=\"_blank\" rel=\"noopener\">Facebook<\/a>\u00a0\u00a0<a href=\"https:\/\/www.instagram.com\/rooster.rojo\" target=\"_blank\" rel=\"noopener\">Instagram<\/a><\/p>\n<p><a href=\"http:\/\/www.roosterrojo.com\/\" target=\"_blank\" rel=\"noopener\">www.roosterrojo.com<\/a>[\/vc_column_text][\/vc_column][\/vc_row][vc_row gap=&#8221;30&#8243; css=&#8221;.vc_custom_1633190095063{padding-bottom: 20px !important;}&#8221; el_class=&#8221;block-product&#8221;][vc_column width=&#8221;1\/2&#8243;][vc_row_inner][vc_column_inner width=&#8221;1\/3&#8243;][vc_single_image image=&#8221;31&#8243; img_size=&#8221;full&#8221;][\/vc_column_inner][vc_column_inner width=&#8221;2\/3&#8243;][vc_column_text]<\/p>\n<h3 class=\"h3 item-type-product__title\">Rooster Rojo Blanco<\/h3>\n<div class=\"item-type-product__offset\">\n<p class=\"p1\">100% agave, tequila cristalino suave pero crujiente, doblemente destilado.<\/p>\n<\/div>\n<div class=\"item-type-product__offset\"><b>Notas de sabor<\/b><br \/>\nAroma: Fresco, vivo, c\u00edtrico<br \/>\nGusto: Dulce, toques de pimienta<br \/>\nTerminar: Suave y fuerte, pero agradable. Longitud mediana.<\/div>\n<div class=\"item-type-product__offset\"><b>SKU:<\/b>\u00a00,7L 0,75L 1L<br \/>\n<b>ABV:<\/b>\u00a040%, 38%<\/div>\n<p>[\/vc_column_text][\/vc_column_inner][\/vc_row_inner][\/vc_column][vc_column width=&#8221;1\/2&#8243;][vc_row_inner][vc_column_inner width=&#8221;1\/3&#8243;][vc_single_image image=&#8221;129&#8243; img_size=&#8221;full&#8221;][\/vc_column_inner][vc_column_inner width=&#8221;2\/3&#8243;][vc_column_text]<\/p>\n<h3 class=\"h3 item-type-product__title\">Rooster Rojo Reposado<\/h3>\n<div class=\"item-type-product__offset\">\n<p>100% agave, doble destilado, suave y redondo, tequila con agradables aromas de agave cocinada, madurado durante m\u00e1s de 2 meses en barricas de roble.<\/p>\n<\/div>\n<div class=\"item-type-product__offset\"><b>Notas de sabor<\/b><br \/>\nColor: Color paja<br \/>\nAroma: Ligeros matices de roble, fruta madura, agave cocinado<br \/>\nGusto: Vainilla, caramelo, agave cocinado<br \/>\nTerminar: Sedoso, c\u00e1lido, rico, mediano-largo<\/div>\n<div class=\"item-type-product__offset\"><b>SKU:<\/b>\u00a00,7L 0,75L 1L<br \/>\n<b>ABV:<\/b>\u00a040%, 38%<\/div>\n<p>[\/vc_column_text][\/vc_column_inner][\/vc_row_inner][\/vc_column][\/vc_row][vc_row gap=&#8221;30&#8243; css=&#8221;.vc_custom_1633190103110{padding-bottom: 20px !important;}&#8221; el_class=&#8221;block-product&#8221;][vc_column width=&#8221;1\/2&#8243;][vc_row_inner][vc_column_inner width=&#8221;1\/3&#8243;][vc_single_image image=&#8221;127&#8243; img_size=&#8221;full&#8221;][\/vc_column_inner][vc_column_inner width=&#8221;2\/3&#8243;][vc_column_text]<\/p>\n<h3 class=\"h3 item-type-product__title\">Rooster Rojo Anejo<\/h3>\n<div class=\"item-type-product__offset\">\n<p>100% Agave, doble destilado, liso y a\u00f1ejado, con agradables notas de tequila de agave tostado. Madurado durante m\u00e1s de 12 meses en barricas de roble.<\/p>\n<\/div>\n<div class=\"item-type-product__offset\"><b>Notas de sabor<\/b><br \/>\nColor: En promedio, \u00e1mbar oscuro<br \/>\nAroma: Oaky, chocolate, tabaco, caf\u00e9<br \/>\nGusto: Caramelo, roble, vainilla, agave tostado<br \/>\nTerminar: Suave, vainilla, roble, rico, largo<\/div>\n<div class=\"item-type-product__offset\"><b>SKU:<\/b>\u00a00,7L 0,75L 1L<br \/>\n<b>ABV:<\/b>\u00a040%, 38%<\/div>\n<p>[\/vc_column_text][\/vc_column_inner][\/vc_row_inner][\/vc_column][\/vc_row][vc_row][vc_column][vc_single_image image=&#8221;131&#8243; img_size=&#8221;full&#8221;][\/vc_column][\/vc_row]<\/p>\n","protected":false},"excerpt":{"rendered":"<p>[vc_row][vc_column el_class=&#8221;product-page-text&#8221;][vc_column_text]Rooster Rojo\u00ae es un tequila extra suave, producido utilizando solo los mejores ingredientes y t\u00e9cnicas de producci\u00f3n, conservando los excelentes sabores naturales del agave de alta calidad. Nacido en los campos de agave de M\u00e9xico, es cuidadosamente elaborado, manteniendo las mejores tradiciones de producci\u00f3n de tequila y utilizando solo jugos de agave 100% para [&hellip;]<\/p>\n","protected":false},"author":2,"featured_media":353,"parent":390,"menu_order":0,"comment_status":"closed","ping_status":"closed","template":"product-page.php","meta":{"_acf_changed":false,"inline_featured_image":false,"footnotes":""},"acf":[],"_links":{"self":[{"href":"https:\/\/ambertequila.com\/es\/wp-json\/wp\/v2\/pages\/446"}],"collection":[{"href":"https:\/\/ambertequila.com\/es\/wp-json\/wp\/v2\/pages"}],"about":[{"href":"https:\/\/ambertequila.com\/es\/wp-json\/wp\/v2\/types\/page"}],"author":[{"embeddable":true,"href":"https:\/\/ambertequila.com\/es\/wp-json\/wp\/v2\/users\/2"}],"replies":[{"embeddable":true,"href":"https:\/\/ambertequila.com\/es\/wp-json\/wp\/v2\/comments?post=446"}],"version-history":[{"count":5,"href":"https:\/\/ambertequila.com\/es\/wp-json\/wp\/v2\/pages\/446\/revisions"}],"predecessor-version":[{"id":936,"href":"https:\/\/ambertequila.com\/es\/wp-json\/wp\/v2\/pages\/446\/revisions\/936"}],"up":[{"embeddable":true,"href":"https:\/\/ambertequila.com\/es\/wp-json\/wp\/v2\/pages\/390"}],"wp:featuredmedia":[{"embeddable":true,"href":"https:\/\/ambertequila.com\/es\/wp-json\/wp\/v2\/media\/353"}],"wp:attachment":[{"href":"https:\/\/ambertequila.com\/es\/wp-json\/wp\/v2\/media?parent=446"}],"curies":[{"name":"wp","href":"https:\/\/api.w.org\/{rel}","templated":true}]}}