{"id":445,"date":"2021-10-01T23:12:38","date_gmt":"2021-10-01T23:12:38","guid":{"rendered":"https:\/\/ftfinos.vipreal.site\/?page_id=445"},"modified":"2023-05-12T05:31:26","modified_gmt":"2023-05-12T05:31:26","slug":"kah-tequila","status":"publish","type":"page","link":"https:\/\/ambertequila.com\/es\/marcas\/kah-tequila\/","title":{"rendered":"KAH tequila"},"content":{"rendered":"<p>[vc_row][vc_column el_class=&#8221;product-page-text&#8221;][vc_column_text]Dise\u00f1ado para reverenciar y honrar a M\u00e9xico y su gente.<\/p>\n<p>Su botella y esp\u00edritu evocan el D\u00eda de los Muertos, un ritual mesoamericano con 3000 a\u00f1os de antig\u00fcedad que rinde honor a nuestros difuntos. El perfil de tequila Kah ha sido elogiado por diversos conocedores de tequila y confirmado por numerosos premios internacionales.<\/p>\n<p>&nbsp;<\/p>\n<p>Cada botella es una obra de arte \u00fanica, hecha a mano, ninguna botella es igual.<\/p>\n<p>&nbsp;<\/p>\n<p>El embalaje \u00fanico de KAH est\u00e1 inspirado en las tradicionales Calaveras (calaveritas de az\u00facar) utilizadas en el \u2018D\u00eda de Muertos\u2019 simbolizando la muerte y el renacimiento.[\/vc_column_text][\/vc_column][\/vc_row][vc_row gap=&#8221;30&#8243; css=&#8221;.vc_custom_1633190021147{padding-bottom: 20px !important;}&#8221; el_class=&#8221;block-product&#8221;][vc_column width=&#8221;1\/2&#8243;][vc_row_inner][vc_column_inner width=&#8221;1\/3&#8243;][vc_single_image image=&#8221;340&#8243; img_size=&#8221;full&#8221;][\/vc_column_inner][vc_column_inner width=&#8221;2\/3&#8243;][vc_column_text]<\/p>\n<h3 class=\"h3 item-type-product__title\">Blanco<\/h3>\n<div class=\"item-type-product__offset\"><b>Notas de sabor<\/b><br \/>\nGusto: Inicialmente dulce, transform\u00e1ndose r\u00e1pidamente en un picor apimentado<br \/>\nTerminar: Sedoso y delicado, dejando un rastro especiado al paladar<\/div>\n<p>[\/vc_column_text][\/vc_column_inner][\/vc_row_inner][\/vc_column][vc_column width=&#8221;1\/2&#8243;][vc_row_inner][vc_column_inner width=&#8221;1\/3&#8243;][vc_single_image image=&#8221;341&#8243; img_size=&#8221;full&#8221;][\/vc_column_inner][vc_column_inner width=&#8221;2\/3&#8243;][vc_column_text]<\/p>\n<h3 class=\"h3 item-type-product__title\">Reposado<\/h3>\n<div class=\"item-type-product__offset\">\n<p>Madurado por 10 meses en barricas de roble americano, adquiriendo notas de vainilla y caramelo que complementan el sabor intenso del agave<\/p>\n<\/div>\n<div class=\"item-type-product__offset\"><b>Notas de sabor<\/b><br \/>\nGusto: Poderoso. Un tequila ultra suave de cuerpo completo e intenso sabor a agave<\/div>\n<p>[\/vc_column_text][\/vc_column_inner][\/vc_row_inner][\/vc_column][\/vc_row][vc_row gap=&#8221;30&#8243; css=&#8221;.vc_custom_1633190026394{padding-bottom: 20px !important;}&#8221; el_class=&#8221;block-product&#8221;][vc_column width=&#8221;1\/2&#8243;][vc_row_inner][vc_column_inner width=&#8221;1\/3&#8243;][vc_single_image image=&#8221;339&#8243; img_size=&#8221;full&#8221;][\/vc_column_inner][vc_column_inner width=&#8221;2\/3&#8243;][vc_column_text]<\/p>\n<h3 class=\"h3 item-type-product__title\">A\u00f1ejo<\/h3>\n<div class=\"item-type-product__offset\">\n<p>Madurado por dos a\u00f1os en barricas de roble americano<\/p>\n<\/div>\n<div class=\"item-type-product__offset\"><b>Notas de sabor<\/b><br \/>\nGusto: Con su distintivo sabor a agave, se acompa\u00f1a de notas de chocolate, tabaco y caf\u00e9<\/div>\n<p>[\/vc_column_text][\/vc_column_inner][\/vc_row_inner][\/vc_column][\/vc_row]<\/p>\n","protected":false},"excerpt":{"rendered":"<p>[vc_row][vc_column el_class=&#8221;product-page-text&#8221;][vc_column_text]Dise\u00f1ado para reverenciar y honrar a M\u00e9xico y su gente. Su botella y esp\u00edritu evocan el D\u00eda de los Muertos, un ritual mesoamericano con 3000 a\u00f1os de antig\u00fcedad que rinde honor a nuestros difuntos. El perfil de tequila Kah ha sido elogiado por diversos conocedores de tequila y confirmado por numerosos premios internacionales. &nbsp; [&hellip;]<\/p>\n","protected":false},"author":2,"featured_media":343,"parent":390,"menu_order":0,"comment_status":"closed","ping_status":"closed","template":"","meta":{"_acf_changed":false,"inline_featured_image":false,"footnotes":""},"acf":[],"_links":{"self":[{"href":"https:\/\/ambertequila.com\/es\/wp-json\/wp\/v2\/pages\/445"}],"collection":[{"href":"https:\/\/ambertequila.com\/es\/wp-json\/wp\/v2\/pages"}],"about":[{"href":"https:\/\/ambertequila.com\/es\/wp-json\/wp\/v2\/types\/page"}],"author":[{"embeddable":true,"href":"https:\/\/ambertequila.com\/es\/wp-json\/wp\/v2\/users\/2"}],"replies":[{"embeddable":true,"href":"https:\/\/ambertequila.com\/es\/wp-json\/wp\/v2\/comments?post=445"}],"version-history":[{"count":5,"href":"https:\/\/ambertequila.com\/es\/wp-json\/wp\/v2\/pages\/445\/revisions"}],"predecessor-version":[{"id":935,"href":"https:\/\/ambertequila.com\/es\/wp-json\/wp\/v2\/pages\/445\/revisions\/935"}],"up":[{"embeddable":true,"href":"https:\/\/ambertequila.com\/es\/wp-json\/wp\/v2\/pages\/390"}],"wp:featuredmedia":[{"embeddable":true,"href":"https:\/\/ambertequila.com\/es\/wp-json\/wp\/v2\/media\/343"}],"wp:attachment":[{"href":"https:\/\/ambertequila.com\/es\/wp-json\/wp\/v2\/media?parent=445"}],"curies":[{"name":"wp","href":"https:\/\/api.w.org\/{rel}","templated":true}]}}