{"id":443,"date":"2021-10-01T23:08:52","date_gmt":"2021-10-01T23:08:52","guid":{"rendered":"https:\/\/ftfinos.vipreal.site\/?page_id=443"},"modified":"2021-10-04T11:32:28","modified_gmt":"2021-10-04T11:32:28","slug":"cenote-tequila","status":"publish","type":"page","link":"https:\/\/ambertequila.com\/es\/marcas\/cenote-tequila\/","title":{"rendered":"CENOTE Tequila"},"content":{"rendered":"<p>[vc_row][vc_column el_class=&#8221;product-page-text&#8221;][vc_column_text]Cenote es un tequila ultra-premium 100% Agave Azul Tequilana Weber inspirado en la belleza de la Pen\u00ednsula de Yucat\u00e1n y su espectacular sistema acu\u00edfero subterr\u00e1neo exclusivo de esta regi\u00f3n. Tequila Cenote posee un perfil complejo de sabores creando el balance perfecto del agave cocido y notas delicadas a madera.<\/p>\n<p>&nbsp;<\/p>\n<p>Los cenotes son estanques naturales formados por el colapso del lecho de piedra caliza poroso, revelando un mundo secreto subterr\u00e1neo de albercas de agua cristalina y fresca que ha sido filtrada meticulosamente por la Tierra.[\/vc_column_text][\/vc_column][\/vc_row][vc_row gap=&#8221;30&#8243; css=&#8221;.vc_custom_1633189880055{padding-bottom: 20px !important;}&#8221; el_class=&#8221;block-product&#8221;][vc_column width=&#8221;1\/2&#8243;][vc_row_inner][vc_column_inner width=&#8221;1\/3&#8243;][vc_single_image image=&#8221;80&#8243; img_size=&#8221;full&#8221;][\/vc_column_inner][vc_column_inner width=&#8221;2\/3&#8243;][vc_column_text]<\/p>\n<h3 class=\"h3 item-type-product__title\">BLANCO<\/h3>\n<div class=\"item-type-product__offset\">\n<p>Madurado 3 semanas en barricas de roble americano<\/p>\n<\/div>\n<div class=\"item-type-product__offset\"><b>Notas de sabor<\/b><br \/>\nColor: Cristalino<br \/>\nAroma: C\u00edtrico, fresco, apimentado<br \/>\nGusto: Agave cocido, frutal, especias, ligero amaderado, vegetales verdes<br \/>\nTerminar: Refrescante, impecable<\/div>\n<p>[\/vc_column_text][\/vc_column_inner][\/vc_row_inner][\/vc_column][vc_column width=&#8221;1\/2&#8243;][vc_row_inner][vc_column_inner width=&#8221;1\/3&#8243;][vc_single_image image=&#8221;79&#8243; img_size=&#8221;full&#8221;][\/vc_column_inner][vc_column_inner width=&#8221;2\/3&#8243;][vc_column_text]<\/p>\n<h3 class=\"h3 item-type-product__title\">ANEJO<\/h3>\n<div class=\"item-type-product__offset\">\n<p>Madurado 1 a\u00f1o en barricas de roble americano.<\/p>\n<\/div>\n<div class=\"item-type-product__offset\"><b>Notas de sabor<\/b><br \/>\nColor: \u00c1mbar intenso<br \/>\nAroma: Notas de madera ahumada<br \/>\nGusto: Vainilla, especias, chocolate<br \/>\nTerminar: Complejo<\/div>\n<p>[\/vc_column_text][\/vc_column_inner][\/vc_row_inner][\/vc_column][\/vc_row][vc_row gap=&#8221;30&#8243; css=&#8221;.vc_custom_1633189886447{padding-bottom: 20px !important;}&#8221; el_class=&#8221;block-product&#8221;][vc_column width=&#8221;1\/2&#8243;][vc_row_inner][vc_column_inner width=&#8221;1\/3&#8243;][vc_single_image image=&#8221;83&#8243; img_size=&#8221;full&#8221;][\/vc_column_inner][vc_column_inner width=&#8221;2\/3&#8243;][vc_column_text]<\/p>\n<h3 class=\"h3 item-type-product__title\">REPOSADO<\/h3>\n<div class=\"item-type-product__offset\">\n<p>Madurado 3 meses en barricas de roble americano<\/p>\n<\/div>\n<div class=\"item-type-product__offset\"><b>Notas de sabor<\/b><br \/>\nColor: Dorado ligero<br \/>\nAroma: Vainilla, notas de madera suaves<br \/>\nGusto: Vainilla, madera, especias, vegetales verdes<br \/>\nTerminar: Balanceado<\/div>\n<p>[\/vc_column_text][\/vc_column_inner][\/vc_row_inner][\/vc_column][vc_column width=&#8221;1\/2&#8243;][vc_row_inner][vc_column_inner width=&#8221;1\/3&#8243;][vc_single_image image=&#8221;81&#8243; img_size=&#8221;full&#8221;][\/vc_column_inner][vc_column_inner width=&#8221;2\/3&#8243;][vc_column_text]<\/p>\n<h3 class=\"h3 item-type-product__title\">CRISTALINO ANEJO<\/h3>\n<div class=\"item-type-product__offset\">\n<p>Madurado 1 a\u00f1o en barricas de roble americano y filtrado a trav\u00e9s de carb\u00f3n activado<\/p>\n<\/div>\n<div class=\"item-type-product__offset\"><b>Notas de sabor<\/b><br \/>\nColor: \u00c1mbar intenso<br \/>\nAroma: Notas de madera ahumada<br \/>\nGusto: Vainillas, especias, chocolate<br \/>\nTerminar: Complejo<\/div>\n<p>[\/vc_column_text][\/vc_column_inner][\/vc_row_inner][\/vc_column][\/vc_row][vc_row gap=&#8221;30&#8243; css=&#8221;.vc_custom_1633189891483{padding-bottom: 20px !important;}&#8221; el_class=&#8221;block-product&#8221;][vc_column width=&#8221;1\/2&#8243;][vc_row_inner][vc_column_inner width=&#8221;1\/3&#8243;][vc_single_image image=&#8221;82&#8243; img_size=&#8221;full&#8221;][\/vc_column_inner][vc_column_inner width=&#8221;2\/3&#8243;][vc_column_text]<\/p>\n<h3 class=\"h3 item-type-product__title\">Naranja Verde<\/h3>\n<div class=\"item-type-product__offset\">\n<p>Suavizado 3 semanas en barricas de roble americano antes de mezclarse con una infusi\u00f3n de Naranja Verde<\/p>\n<\/div>\n<div class=\"item-type-product__offset\"><b>Notas de sabor<\/b><\/div>\n<p>[\/vc_column_text][\/vc_column_inner][\/vc_row_inner][\/vc_column][vc_column width=&#8221;1\/2&#8243;][vc_row_inner][vc_column_inner width=&#8221;1\/3&#8243;][\/vc_column_inner][vc_column_inner width=&#8221;2\/3&#8243;][\/vc_column_inner][\/vc_row_inner][\/vc_column][\/vc_row]<\/p>\n","protected":false},"excerpt":{"rendered":"<p>[vc_row][vc_column el_class=&#8221;product-page-text&#8221;][vc_column_text]Cenote es un tequila ultra-premium 100% Agave Azul Tequilana Weber inspirado en la belleza de la Pen\u00ednsula de Yucat\u00e1n y su espectacular sistema acu\u00edfero subterr\u00e1neo exclusivo de esta regi\u00f3n. Tequila Cenote posee un perfil complejo de sabores creando el balance perfecto del agave cocido y notas delicadas a madera. &nbsp; Los cenotes son estanques [&hellip;]<\/p>\n","protected":false},"author":2,"featured_media":451,"parent":390,"menu_order":0,"comment_status":"closed","ping_status":"closed","template":"","meta":{"_acf_changed":false,"inline_featured_image":false,"footnotes":""},"acf":[],"_links":{"self":[{"href":"https:\/\/ambertequila.com\/es\/wp-json\/wp\/v2\/pages\/443"}],"collection":[{"href":"https:\/\/ambertequila.com\/es\/wp-json\/wp\/v2\/pages"}],"about":[{"href":"https:\/\/ambertequila.com\/es\/wp-json\/wp\/v2\/types\/page"}],"author":[{"embeddable":true,"href":"https:\/\/ambertequila.com\/es\/wp-json\/wp\/v2\/users\/2"}],"replies":[{"embeddable":true,"href":"https:\/\/ambertequila.com\/es\/wp-json\/wp\/v2\/comments?post=443"}],"version-history":[{"count":4,"href":"https:\/\/ambertequila.com\/es\/wp-json\/wp\/v2\/pages\/443\/revisions"}],"predecessor-version":[{"id":585,"href":"https:\/\/ambertequila.com\/es\/wp-json\/wp\/v2\/pages\/443\/revisions\/585"}],"up":[{"embeddable":true,"href":"https:\/\/ambertequila.com\/es\/wp-json\/wp\/v2\/pages\/390"}],"wp:featuredmedia":[{"embeddable":true,"href":"https:\/\/ambertequila.com\/es\/wp-json\/wp\/v2\/media\/451"}],"wp:attachment":[{"href":"https:\/\/ambertequila.com\/es\/wp-json\/wp\/v2\/media?parent=443"}],"curies":[{"name":"wp","href":"https:\/\/api.w.org\/{rel}","templated":true}]}}