{"id":442,"date":"2021-10-01T23:05:34","date_gmt":"2021-10-01T23:05:34","guid":{"rendered":"https:\/\/ftfinos.vipreal.site\/?page_id=442"},"modified":"2021-10-04T11:32:19","modified_gmt":"2021-10-04T11:32:19","slug":"888-tres-ochos","status":"publish","type":"page","link":"https:\/\/ambertequila.com\/es\/marcas\/888-tres-ochos\/","title":{"rendered":"888 Tres Ochos"},"content":{"rendered":"<p>[vc_row][vc_column el_class=&#8221;product-page-text&#8221;][vc_column_text]<span title=\"\">Las expresiones Premium son excepcionales 100% Blue Weber Agave bebiendo tequilas, meticulosamente producidos y embotellados en la hist\u00f3rica ciudad de Tequila, M\u00e9xico.<\/span>\u00a0<span title=\"\">Un cl\u00e1sico y elegante sipper, combinado c\u00f3modamente en una variedad de c\u00f3cteles, estos cl\u00e1sicos ultra suaves se empaquetan en una botella esbelta distintiva con un dise\u00f1o de etiqueta de planta de Agave estilizado, con una rica presentaci\u00f3n para atraer a una audiencia sofisticada y orgullosamente servido como Tequila premium<\/span>\u00a0<span title=\"\">elecci\u00f3n.<\/span>[\/vc_column_text][vc_column_text]<\/p>\n<h2 class=\"page-subtitle\">Esta marca la producimos con orgullo para nuestros socios.<\/h2>\n<p>[\/vc_column_text][\/vc_column][\/vc_row][vc_row gap=&#8221;30&#8243; css=&#8221;.vc_custom_1633189949773{padding-bottom: 20px !important;}&#8221; el_class=&#8221;block-product&#8221;][vc_column width=&#8221;1\/2&#8243;][vc_row_inner][vc_column_inner width=&#8221;1\/3&#8243;][vc_single_image image=&#8221;72&#8243; img_size=&#8221;full&#8221;][\/vc_column_inner][vc_column_inner width=&#8221;2\/3&#8243;][vc_column_text]<\/p>\n<h3 class=\"h3 item-type-product__title\">Tres Ochos Anejo<\/h3>\n<div class=\"item-type-product__offset\">\n<p><span class=\"tlid-translation translation\" lang=\"es\"><span title=\"\">Hecho a mano y envejecido durante 3 a\u00f1os en una combinaci\u00f3n de peque\u00f1as barricas de roble blanco americano y roble franc\u00e9s, produce un elegante tono \u00e1mbar rojizo con notas de Agave dulce al horno, tonos de vainilla, cereza, chocolate y miel redondeados con una mezcla de<\/span>\u00a0<span title=\"\">Especias tradicionales complementadas con un susurro de co\u00f1ac de crianza en barrica caracter\u00edstico del mejor tequila de ultrapremium.<\/span><\/span><\/p>\n<\/div>\n<div class=\"item-type-product__offset\"><b>Notas de sabor<\/b><\/div>\n<div class=\"item-type-product__offset\"><b>SKU:<\/b>\u00a00,75L<br \/>\n<b>ABV:<\/b>\u00a040%<\/div>\n<p>[\/vc_column_text][\/vc_column_inner][\/vc_row_inner][\/vc_column][vc_column width=&#8221;1\/2&#8243;][vc_row_inner][vc_column_inner width=&#8221;1\/3&#8243;][vc_single_image image=&#8221;73&#8243; img_size=&#8221;full&#8221;][\/vc_column_inner][vc_column_inner width=&#8221;2\/3&#8243;][vc_column_text]<\/p>\n<h3 class=\"h3 item-type-product__title\">Tres Ochos Reposado<\/h3>\n<div class=\"item-type-product__offset\">\n<p><span class=\"tlid-translation translation\" lang=\"es\"><span title=\"\">El orgullo de Fabrica de Tequilas Finos se descansa suavemente y se envejece por encima de las barricas de roble blanco americano de Am\u00e9rica del Norte, produciendo un color \u00e1mbar dorado con tonos de Agave tostado dulce, un refinado sabor a dtrus, vainilla, coco y miel, complementado por una variedad<\/span>\u00a0<span title=\"\">de especias tradicionales que producen una viscosidad suave y mantecosa terminada con un toque de madera inherente a tequilas excepcionalmente finos.<\/span><\/span><\/p>\n<\/div>\n<div class=\"item-type-product__offset\"><b>Notas de sabor<\/b><\/div>\n<div class=\"item-type-product__offset\"><b>SKU:<\/b>\u00a00,75L<br \/>\n<b>ABV:<\/b>\u00a040%<\/div>\n<p>[\/vc_column_text][\/vc_column_inner][\/vc_row_inner][\/vc_column][\/vc_row][vc_row gap=&#8221;30&#8243; css=&#8221;.vc_custom_1633189960732{padding-bottom: 20px !important;}&#8221; el_class=&#8221;block-product&#8221;][vc_column width=&#8221;1\/2&#8243;][vc_row_inner][vc_column_inner width=&#8221;1\/3&#8243;][vc_single_image image=&#8221;74&#8243; img_size=&#8221;full&#8221;][\/vc_column_inner][vc_column_inner width=&#8221;2\/3&#8243;][vc_column_text]<\/p>\n<h3 class=\"h3 item-type-product__title\">Tres Ochos Silver<\/h3>\n<div class=\"item-type-product__offset\">\n<p><span class=\"tlid-translation translation\" lang=\"es\"><span title=\"\">Producido reverentemente desde el coraz\u00f3n de la pina de Agave para capturar el esp\u00edritu de M\u00e9xico, el 888 Tres Ochos Silver es de doble destilaci\u00f3n, cristalino, ligeramente salpicado de nariz y paladar de Agave tostado dulce con toques de vainilla, miel, matices frutales y<\/span>\u00a0<span title=\"\">Delicada bolsita de especias, que culmina en un acabado suave, suave y elegante.<\/span><\/span><\/p>\n<\/div>\n<div class=\"item-type-product__offset\"><b>Notas de sabor<\/b><\/div>\n<div class=\"item-type-product__offset\"><b>SKU:<\/b>\u00a00,75L<br \/>\n<b>ABV:<\/b>\u00a040%<\/div>\n<p>[\/vc_column_text][\/vc_column_inner][\/vc_row_inner][\/vc_column][\/vc_row]<\/p>\n","protected":false},"excerpt":{"rendered":"<p>[vc_row][vc_column el_class=&#8221;product-page-text&#8221;][vc_column_text]Las expresiones Premium son excepcionales 100% Blue Weber Agave bebiendo tequilas, meticulosamente producidos y embotellados en la hist\u00f3rica ciudad de Tequila, M\u00e9xico.\u00a0Un cl\u00e1sico y elegante sipper, combinado c\u00f3modamente en una variedad de c\u00f3cteles, estos cl\u00e1sicos ultra suaves se empaquetan en una botella esbelta distintiva con un dise\u00f1o de etiqueta de planta de Agave estilizado, [&hellip;]<\/p>\n","protected":false},"author":2,"featured_media":451,"parent":390,"menu_order":0,"comment_status":"closed","ping_status":"closed","template":"","meta":{"_acf_changed":false,"inline_featured_image":false,"footnotes":""},"acf":[],"_links":{"self":[{"href":"https:\/\/ambertequila.com\/es\/wp-json\/wp\/v2\/pages\/442"}],"collection":[{"href":"https:\/\/ambertequila.com\/es\/wp-json\/wp\/v2\/pages"}],"about":[{"href":"https:\/\/ambertequila.com\/es\/wp-json\/wp\/v2\/types\/page"}],"author":[{"embeddable":true,"href":"https:\/\/ambertequila.com\/es\/wp-json\/wp\/v2\/users\/2"}],"replies":[{"embeddable":true,"href":"https:\/\/ambertequila.com\/es\/wp-json\/wp\/v2\/comments?post=442"}],"version-history":[{"count":3,"href":"https:\/\/ambertequila.com\/es\/wp-json\/wp\/v2\/pages\/442\/revisions"}],"predecessor-version":[{"id":583,"href":"https:\/\/ambertequila.com\/es\/wp-json\/wp\/v2\/pages\/442\/revisions\/583"}],"up":[{"embeddable":true,"href":"https:\/\/ambertequila.com\/es\/wp-json\/wp\/v2\/pages\/390"}],"wp:featuredmedia":[{"embeddable":true,"href":"https:\/\/ambertequila.com\/es\/wp-json\/wp\/v2\/media\/451"}],"wp:attachment":[{"href":"https:\/\/ambertequila.com\/es\/wp-json\/wp\/v2\/media?parent=442"}],"curies":[{"name":"wp","href":"https:\/\/api.w.org\/{rel}","templated":true}]}}