{"id":380,"date":"2021-10-01T22:12:07","date_gmt":"2021-10-01T22:12:07","guid":{"rendered":"https:\/\/ftfinos.vipreal.site\/?page_id=380"},"modified":"2024-03-20T14:01:03","modified_gmt":"2024-03-20T14:01:03","slug":"acerca-de-la-fabrica","status":"publish","type":"page","link":"https:\/\/ambertequila.com\/es\/acerca-de-la-fabrica\/","title":{"rendered":"Acerca de la f\u00e1brica"},"content":{"rendered":"<p>[vc_row][vc_column width=&#8221;1\/2&#8243;][vc_column_text el_class=&#8221;item-type-half__title&#8221;]<\/p>\n<h3 class=\"h3\">Instalaciones<\/h3>\n<p>[\/vc_column_text][vc_column_text]\u00e0\u00a0Amber Production Tequila es conocida por los productos de alta calidad que fabrica, y esto se ve confirmado por sus numerosos premios de competiciones internacionales. Es el hogar de marcas tales como: Rooster Rojo Tequila, KAH Tequila, Cenote, VILLA ONE.<\/p>\n<p>&nbsp;<\/p>\n<p>Ubicada a los pies de la colina del Tequila, en el legendario pueblo de Tequila, en el estado de Jalisco, es moderna pero a\u00fan conserva las mejores tradiciones de producci\u00f3n de tequila. Esto se logra con la ayuda de personas dedicadas que trabajan para la empresa y que conocen el arte de hacer tequila. La mayor\u00eda de ellos han trabajado en la F\u00e1brica desde el comienzo de sus operaciones. Todos los tequilas elaborados en la \u00e0\u00a0Amber Production Tequila son productos 100% Agave.[\/vc_column_text][\/vc_column][vc_column width=&#8221;1\/2&#8243;][\/vc_column][\/vc_row][vc_row][vc_column][vc_single_image image=&#8221;381&#8243; img_size=&#8221;full&#8221;][\/vc_column][\/vc_row][vc_row][vc_column width=&#8221;1\/3&#8243;][vc_single_image image=&#8221;884&#8243; img_size=&#8221;full&#8221;][vc_column_text el_class=&#8221;item-type-half__image-note&#8221;]Director Gerente<br \/>\nDavid Tenorio[\/vc_column_text][\/vc_column][vc_column width=&#8221;1\/3&#8243;][vc_single_image image=&#8221;882&#8243; img_size=&#8221;full&#8221;][vc_column_text el_class=&#8221;item-type-half__image-note&#8221;]Maestro destilador<br \/>\nCesar Edgardo Zarate Ballesteros[\/vc_column_text][\/vc_column][vc_column width=&#8221;1\/3&#8243;][vc_single_image image=&#8221;946&#8243; img_size=&#8221;full&#8221;][vc_column_text el_class=&#8221;item-type-half__image-note&#8221;]Jefa de laboratorio<br \/>\nDavid Tenorio[\/vc_column_text][\/vc_column][\/vc_row][vc_row disable_element=&#8221;yes&#8221;][vc_column][vc_column_text css=&#8221;.vc_custom_1633173773309{padding-bottom: 50px !important;}&#8221;]<\/p>\n<h3 class=\"h3\">Historia<\/h3>\n<p>[\/vc_column_text][ucaddon_content_carousel autoplay=&#8221;false&#8221; uc_items_data=&#8221;JTVCJTdCJTIydGl0bGUlMjIlM0ElMjIxOTk5JTIyJTJDJTIyY29udGVudCUyMiUzQSUyMkVuJTIwZWwlMjBhJUMzJUIxbyUyMDE5OTklMkMlMjB0dXZpZXJvbiUyMGxhJTIwb3BvcnR1bmlkYWQlMjBkZSUyMGFkcXVpcmlyJTIwdmFyaW9zJTIwdGVycmVub3MlMjBhZHlhY2VudGVzJTIwYWwlMjBhbnRpZ3VvJTIwZWRpZmljaW8lMjBjb2xvbmlhbCUyMGRlJTIwMTkyMyUyQyUyMHklMjBhaG9yYSUyMGVzdGUlMjBlZGlmaWNpbyUyMHNlJTIwdXRpbGl6YSUyMGNvbW8lMjBjYXZhJTIwcGFyYSUyMGVudmVqZWNpbWllbnRvLiUyMENvbWVuemFyb24lMjBsYSUyMGNvbnN0cnVjY2klQzMlQjNuJTIwZGUlMjBsYSUyMGRlc3RpbGVyJUMzJUFEYSUyMGNvbiUyMGxhJTIwJUMzJUJBbHRpbWElMjB5JTIwbSVDMyVBMXMlMjBtb2Rlcm5hJTIwdGVjbm9sb2clQzMlQURhJTIwZGUlMjB2YW5ndWFyZGlhLiUyMiU3RCUyQyU3QiUyMnRpdGxlJTIyJTNBJTIyMjAwMCUyMiUyQyUyMmNvbnRlbnQlMjIlM0ElMjJGJUMzJUExYnJpY2ElMjBkZSUyMFRlcXVpbGFzJTIwRmlub3MlMjBjb21lbnolQzMlQjMlMjBzdSUyMG9wZXJhY2klQzMlQjNuJTIwZW4lMjBlbCUyMGElQzMlQjFvJTIwMjAwMCUyMGRpcmlnaWRhJTIwcG9yJTIwc3VzJTIwJUMzJUJBbmljb3MlMjBwcm9waWV0YXJpb3MlMkMlMjBEb24lMjBGZWRlcmljbyUyMENhYm8lMjB5JTIwRG8lQzMlQjFhJTIwTHV6JTIwTWFyJUMzJUFEYSUyMENhYm8uJTIwQW50ZXMlMjBkZSUyMGVzbyUyQyUyMGRlc2RlJTIwZWwlMjBhJUMzJUIxbyUyMDE5ODQlMjBlcmFuJTIwcHJvcGlldGFyaW9zJTIwZGVsJTIwdGVxdWlsYSUyMEV1Y2FyaW8lMjBHb256YWxlcyUyMFMuQS4lMjBkZSUyMEMuVi4lMjB5JTJDJTIwY29tbyUyMHJlc3VsdGFkbyUyMGRlJTIwZWxsbyUyQyUyMGRpc3BvbiVDMyVBRGFuJTIwZGUlMjB1bmElMjBhbXBsaWElMjBleHBlcmllbmNpYSUyMHklMjBjb25vY2ltaWVudG9zJTIwc29icmUlMjBsYSUyMHByb2R1Y2NpJUMzJUIzbiUyMHklMjBjb21lcmNpYWxpemFjaSVDMyVCM24lMjBkZSUyMHRlcXVpbGEuJTIyJTdEJTJDJTdCJTIydGl0bGUlMjIlM0ElMjIyMDAxJTIyJTJDJTIyY29udGVudCUyMiUzQSUyMkVuJTIwZWwlMjBhJUMzJUIxbyUyMDIwMDElMkMlMjBsYSUyMEYlQzMlQTFicmljYSUyMGRlJTIwVGVxdWlsYXMlMjBGaW5vcyUyMGNvbWVueiVDMyVCMyUyMGElMjBwcm9kdWNpciUyMFRlcXVpbGElMjBUZW5vY2glMjB5JTJDJTIwbSVDMyVBMXMlMjB0YXJkZSUyQyUyMFN0YWxsaW9uJTJDJTIwVG9uYWxhJTJDJTIwRG9uJTIwQ2FtaWxvJTJDJTIwWmFwb3BhbiUyMHklMjBTYW50b3MuJTIwTSVDMyVBMXMlMjB0YXJkZSUyMHNlJTIwbGFuemFyb24lMjBudWV2YXMlMjBtYXJjYXMlMkMlMjBjb21vJTIwUGFuY2hvJTIwUGlzdG9sYXMlMkMlMjBMYSUyMHByaW1hJTIwZGUlMjBQYW5jaG8lMjB5JTIwQWdhdmUlMjA5OS4lMjBUb2RhcyUyMGxhcyUyMG1hcmNhcyUyMHNlJTIwaGFuJTIwY29tZXJjaWFsaXphZG8lMjBjb24lMjBncmFuJTIwJUMzJUE5eGl0byUyMGVuJTIwbG9zJTIwRUUuJTIwVVUuJTIyJTdEJTJDJTdCJTIydGl0bGUlMjIlM0ElMjIyMDE2JTIyJTJDJTIyY29udGVudCUyMiUzQSUyMkVuJTIwZWwlMjBhJUMzJUIxbyUyMDIwMTYlMkMlMjBsYSUyMGYlQzMlQTFicmljYSUyMGZ1ZSUyMGFkcXVpcmlkYSUyMHBvciUyMEFtYmVyJTIwQmV2ZXJhZ2UlMjBHcm91cCUyQyUyMGNvbXBhJUMzJUIxJUMzJUFEYSUyMGludGVybmFjaW9uYWwlMjBsJUMzJUFEZGVyJTIwZW4lMjB2aW5vcyUyMHklMjBsaWNvcmVzJTIwY29uJTIwc2VkZSUyMGVuJTIwUmlnYSUyQyUyMExldG9uaWElMkMlMjBwcm9kdWN0b3JhJTIwZGUlMjBNb3Nrb3Zza2F5YSVDMiVBRSUyMFZvZGthJTJDJTIwUmlnYSUyMEJsYWNrJTIwQmFsc2FtJUMyJUFFJTIweSUyMG11Y2hhcyUyMG90cmFzJTIwbWFyY2FzJTIwZGUlMjBmYW1hJTIwbXVuZGlhbC4lMjIlN0QlMkMlN0IlMjJ0aXRsZSUyMiUzQSUyMjIwMTclMjIlMkMlMjJjb250ZW50JTIyJTNBJTIyRWwlMjBhJUMzJUIxbyUyMDIwMTclMjBmdWUlMjB1biUyMGElQzMlQjFvJTIwZW4lMjBlbCUyMHF1ZSUyMHNlJTIwbGFuemFyb24lMjBsYXMlMjBudWV2YXMlMjBtYXJjYXMlMjBSb29zdGVyJTIwUm9qbyUyMHklMjBDZW5vdGUlMjBwYXJhJTIwc3UlMjBkaXN0cmlidWNpJUMzJUIzbiUyMG11bmRpYWwuJTIwU2UlMjBpbmljaSVDMyVCMyUyMGxhJTIwZXhwYW5zaSVDMyVCM24lMjBkZSUyMGxhcyUyMGluc3RhbGFjaW9uZXMlMjB5JTIwbGElMjBjb25zdHJ1Y2NpJUMzJUIzbiUyMGRlbCUyMGNlbnRybyUyMGRlJTIwdmlzaXRhbnRlcy4lMjIlN0QlNUQ=&#8221; uc_fonts_data=&#8221;JTdCJTdE&#8221;][\/vc_column][\/vc_row][vc_row full_width=&#8221;stretch_row_content_no_spaces&#8221;][vc_column][vc_separator color=&#8221;custom&#8221; accent_color=&#8221;#c4c4c4&#8243;][\/vc_column][\/vc_row][vc_row][vc_column][vc_single_image image=&#8221;384&#8243; img_size=&#8221;full&#8221;][\/vc_column][\/vc_row][vc_row][vc_column width=&#8221;1\/2&#8243;][vc_single_image image=&#8221;385&#8243; img_size=&#8221;full&#8221;][\/vc_column][vc_column width=&#8221;1\/2&#8243;][vc_single_image image=&#8221;386&#8243; img_size=&#8221;full&#8221;][\/vc_column][\/vc_row][vc_row][vc_column width=&#8221;1\/2&#8243;][vc_column_text]<\/p>\n<div class=\"item-type-half__title\">\n<div class=\"item-type-half__title\">\n<h3 class=\"h3\">Ubicaci\u00f3n<\/h3>\n<\/div>\n<div class=\"item-text\">\n<p>La destiler\u00eda se encuentra en la ciudad de Tequila, Jalisco, a 40 minutos en autom\u00f3vil de Guadalajara, Jalisco, M\u00e9xico, justo en frente de la antigua estaci\u00f3n de ferrocarril, al pie de la colina Tequila. La ciudad de Tequila fue nombrada recientemente Pueblo M\u00e1gico por el gobierno de M\u00e9xico. El paisaje agavero de los alrededores de la ciudad de Tequila fue declarado patrimonio de la humanidad por la UNESCO.<\/p><\/div>\n<\/div>\n<p>[\/vc_column_text][\/vc_column][vc_column width=&#8221;1\/2&#8243;][\/vc_column][\/vc_row][vc_row el_id=&#8221;videologo&#8221;][vc_column]<div id=\"\" class=\"video-player-for-wpbakery \">\n    <div class=\"video-player-for-wpbakery-container\">\n        <video width=\"100%\" height=\"600px\" controls autoplay  muted>\n            <source src=\"https:\/\/ambertequila.com\/wp-content\/uploads\/2021\/10\/Introduction_to_Fabrica_de_Tequilas_Finos__Amber_Beverage_Group_facility_in_Mexico.mp4\" type=\"video\/mp4\">\n            Your browser does not support the video tag.        <\/video>\n    <\/div>\n<\/div>[vc_raw_js]JTNDc2NyaXB0JTNFJTIwJTBBd2luZG93Lm9ubG9hZCUyMCUzRCUyMGZ1bmN0aW9uJTI4JTI5JTdCJTBBJTIwJTIwJTIwJTIwZG9jdW1lbnQuZ2V0RWxlbWVudEJ5SWQlMjglMjJpbWFnZWxvZ28lMjIlMjkub25jbGljayUyMCUzRCUyMGZ1bmN0aW9uJTI4JTI5JTdCJTBBJTIwJTIwJTIwJTIwJTIwJTIwJTIwJTIwdGhpcy5zdHlsZS5kaXNwbGF5JTIwJTNEJTIwJTIybm9uZSUyMiUzQiUwQSUyMCUyMCUyMCUyMCUyMCUyMCUyMCUyMGRvY3VtZW50LmdldEVsZW1lbnRCeUlkJTI4JTIydmlkZW9sb2dvJTIyJTI5LnN0eWxlLmRpc3BsYXklMjAlM0QlMjAlMjJibG9jayUyMiUzQiUwQSUyMCUyMCUyMCUyMCU3RCUwQSU3RCUwQSUyMCUzQyUyRnNjcmlwdCUzRQ==[\/vc_raw_js][\/vc_column][\/vc_row]<\/p>\n","protected":false},"excerpt":{"rendered":"<p>[vc_row][vc_column width=&#8221;1\/2&#8243;][vc_column_text el_class=&#8221;item-type-half__title&#8221;] Instalaciones [\/vc_column_text][vc_column_text]\u00e0\u00a0Amber Production Tequila es conocida por los productos de alta calidad que fabrica, y esto se ve confirmado por sus numerosos premios de competiciones internacionales. Es el hogar de marcas tales como: Rooster Rojo Tequila, KAH Tequila, Cenote, VILLA ONE. &nbsp; Ubicada a los pies de la colina del Tequila, en [&hellip;]<\/p>\n","protected":false},"author":2,"featured_media":337,"parent":0,"menu_order":0,"comment_status":"closed","ping_status":"closed","template":"","meta":{"_acf_changed":false,"inline_featured_image":false,"footnotes":""},"acf":[],"_links":{"self":[{"href":"https:\/\/ambertequila.com\/es\/wp-json\/wp\/v2\/pages\/380"}],"collection":[{"href":"https:\/\/ambertequila.com\/es\/wp-json\/wp\/v2\/pages"}],"about":[{"href":"https:\/\/ambertequila.com\/es\/wp-json\/wp\/v2\/types\/page"}],"author":[{"embeddable":true,"href":"https:\/\/ambertequila.com\/es\/wp-json\/wp\/v2\/users\/2"}],"replies":[{"embeddable":true,"href":"https:\/\/ambertequila.com\/es\/wp-json\/wp\/v2\/comments?post=380"}],"version-history":[{"count":28,"href":"https:\/\/ambertequila.com\/es\/wp-json\/wp\/v2\/pages\/380\/revisions"}],"predecessor-version":[{"id":968,"href":"https:\/\/ambertequila.com\/es\/wp-json\/wp\/v2\/pages\/380\/revisions\/968"}],"wp:featuredmedia":[{"embeddable":true,"href":"https:\/\/ambertequila.com\/es\/wp-json\/wp\/v2\/media\/337"}],"wp:attachment":[{"href":"https:\/\/ambertequila.com\/es\/wp-json\/wp\/v2\/media?parent=380"}],"curies":[{"name":"wp","href":"https:\/\/api.w.org\/{rel}","templated":true}]}}